{"id":17,"date":"2016-05-13T10:35:33","date_gmt":"2016-05-13T10:35:33","guid":{"rendered":"http:\/\/www.staburadze.lv\/?page_id=17"},"modified":"2025-02-19T11:41:56","modified_gmt":"2025-02-19T11:41:56","slug":"kontakti","status":"publish","type":"page","link":"https:\/\/www.staburadze.lv\/lv\/kontakti\/","title":{"rendered":"Kontakti"},"content":{"rendered":"\n<h3 class=\"wp-block-heading has-text-align-left\">Rekviz\u012bti<\/h3>\n\n\n\n<p><strong>SIA \u201eStaburadze\u201d<\/strong><\/p>\n\n\n\n<p class=\"has-text-align-left\">Miera iela 22, R\u012bga, LV-1001, Latvija<\/p>\n\n\n\n<p class=\"has-text-align-left\">T\u0101lrunis: +371&nbsp;67080302<br>E-pasts: orkla@orkla.lv<\/p>\n\n\n\n<p class=\"has-text-align-left\">Re\u0123.nr. 40203556963<br>PVN re\u0123.nr. LV40203556963<br>AS &#8220;SEB Banka&#8221;<br>LV63UNLA0055004275598<\/p>\n\n\n\n<h3 class=\"wp-block-heading has-text-align-left\">Atsauksm\u0113m<\/h3>\n\n\n\n<p class=\"has-text-align-left\"><strong>T\u0101lrunis<\/strong>:&nbsp;+371 67080706<\/p>\n\n\n\n<h3 class=\"wp-block-heading has-text-align-left\">Klientu serviss<\/h3>\n\n\n\n<p class=\"has-text-align-left\"><strong>T\u0101lrunis:\u00a0<\/strong>+371 67798871, +371 67798872<\/p>\n\n\n\n<h3 class=\"wp-block-heading has-text-align-left\">P\u0101rdo\u0161anas da\u013ca<\/h3>\n\n\n\n<p><strong>E-pasts:<\/strong> tortes@orkla.lv <\/p>\n\n\n\n<h3 class=\"wp-block-heading has-text-align-left\">M\u0101rketinga da\u013ca<\/h3>\n\n\n\n<p class=\"has-text-align-left\"><strong>E-pasts:<\/strong>&nbsp;<a href=\"mailto:sadarbiba@orkla.lv\">staburadze@orkla.lv<\/a><\/p>\n","protected":false},"excerpt":{"rendered":"<p>Rekviz\u012bti SIA \u201eStaburadze\u201d Miera iela 22, R\u012bga, LV-1001, Latvija T\u0101lrunis: +371&nbsp;67080302E-pasts: orkla@orkla.lv Re\u0123.nr. 40203556963PVN re\u0123.nr. LV40203556963AS &#8220;SEB Banka&#8221;LV63UNLA0055004275598 Atsauksm\u0113m T\u0101lrunis:&nbsp;+371 67080706 Klientu serviss T\u0101lrunis:\u00a0+371 67798871, +371 67798872 P\u0101rdo\u0161anas da\u013ca E-pasts:<a class=\"moretag\" href=\"https:\/\/www.staburadze.lv\/lv\/kontakti\/\"> &raquo;<\/a><\/p>\n","protected":false},"author":3,"featured_media":0,"parent":0,"menu_order":0,"comment_status":"closed","ping_status":"closed","template":"","meta":{"footnotes":""},"class_list":["post-17","page","type-page","status-publish","hentry"],"_links":{"self":[{"href":"https:\/\/www.staburadze.lv\/lv\/wp-json\/wp\/v2\/pages\/17","targetHints":{"allow":["GET"]}}],"collection":[{"href":"https:\/\/www.staburadze.lv\/lv\/wp-json\/wp\/v2\/pages"}],"about":[{"href":"https:\/\/www.staburadze.lv\/lv\/wp-json\/wp\/v2\/types\/page"}],"author":[{"embeddable":true,"href":"https:\/\/www.staburadze.lv\/lv\/wp-json\/wp\/v2\/users\/3"}],"replies":[{"embeddable":true,"href":"https:\/\/www.staburadze.lv\/lv\/wp-json\/wp\/v2\/comments?post=17"}],"version-history":[{"count":13,"href":"https:\/\/www.staburadze.lv\/lv\/wp-json\/wp\/v2\/pages\/17\/revisions"}],"predecessor-version":[{"id":19873,"href":"https:\/\/www.staburadze.lv\/lv\/wp-json\/wp\/v2\/pages\/17\/revisions\/19873"}],"wp:attachment":[{"href":"https:\/\/www.staburadze.lv\/lv\/wp-json\/wp\/v2\/media?parent=17"}],"curies":[{"name":"wp","href":"https:\/\/api.w.org\/{rel}","templated":true}]}}